{"id":61,"date":"2026-02-03T01:44:33","date_gmt":"2026-02-03T01:44:33","guid":{"rendered":"http:\/\/xn--fil-dma.com\/?post_type=product&#038;p=61"},"modified":"2026-02-21T17:35:35","modified_gmt":"2026-02-21T17:35:35","slug":"test-t-shirt-philarmonie-coloree","status":"publish","type":"product","link":"https:\/\/xn--fil-dma.com\/?product=test-t-shirt-philarmonie-coloree","title":{"rendered":"Test T-shirt philarmonie color\u00e9e"},"content":{"rendered":"<p>Product description test t shirt philarmonie broderie color\u00e9e gptProduct description test t shirt philarmonie broderie color\u00e9e gptProduct description test t shirt philarmonie broderie color\u00e9e gptProduct description test t shirt philarmonie broderie color\u00e9e gptProduct description test t shirt philarmonie broderie color\u00e9e gpt<\/p>\n","protected":false},"excerpt":{"rendered":"<p>Short description test t shirt philarmonie broderie color\u00e9e gpt<\/p>\n","protected":false},"featured_media":62,"comment_status":"open","ping_status":"closed","template":"","meta":[],"product_brand":[],"product_cat":[15],"product_tag":[],"class_list":{"0":"post-61","1":"product","2":"type-product","3":"status-publish","4":"has-post-thumbnail","6":"product_cat-uncategorized","8":"first","9":"instock","10":"sale","11":"shipping-taxable","12":"purchasable","13":"product-type-simple"},"jetpack_sharing_enabled":true,"_links":{"self":[{"href":"https:\/\/xn--fil-dma.com\/index.php?rest_route=\/wp\/v2\/product\/61","targetHints":{"allow":["GET"]}}],"collection":[{"href":"https:\/\/xn--fil-dma.com\/index.php?rest_route=\/wp\/v2\/product"}],"about":[{"href":"https:\/\/xn--fil-dma.com\/index.php?rest_route=\/wp\/v2\/types\/product"}],"replies":[{"embeddable":true,"href":"https:\/\/xn--fil-dma.com\/index.php?rest_route=%2Fwp%2Fv2%2Fcomments&post=61"}],"wp:featuredmedia":[{"embeddable":true,"href":"https:\/\/xn--fil-dma.com\/index.php?rest_route=\/wp\/v2\/media\/62"}],"wp:attachment":[{"href":"https:\/\/xn--fil-dma.com\/index.php?rest_route=%2Fwp%2Fv2%2Fmedia&parent=61"}],"wp:term":[{"taxonomy":"product_brand","embeddable":true,"href":"https:\/\/xn--fil-dma.com\/index.php?rest_route=%2Fwp%2Fv2%2Fproduct_brand&post=61"},{"taxonomy":"product_cat","embeddable":true,"href":"https:\/\/xn--fil-dma.com\/index.php?rest_route=%2Fwp%2Fv2%2Fproduct_cat&post=61"},{"taxonomy":"product_tag","embeddable":true,"href":"https:\/\/xn--fil-dma.com\/index.php?rest_route=%2Fwp%2Fv2%2Fproduct_tag&post=61"}],"curies":[{"name":"wp","href":"https:\/\/api.w.org\/{rel}","templated":true}]}}